{"id":6205,"date":"2023-03-08T11:08:02","date_gmt":"2023-03-08T11:08:02","guid":{"rendered":"https:\/\/terrazabalear.com\/legal-notice\/"},"modified":"2025-02-13T15:48:06","modified_gmt":"2025-02-13T15:48:06","slug":"impressum","status":"publish","type":"page","link":"https:\/\/terrazabalear.com\/de\/impressum\/","title":{"rendered":"RECHTLICHE HINWEISE"},"content":{"rendered":"<p>Gem\u00e4\u00df den Bestimmungen der Artikel 10 und 11 im Gesetz 34\/2002 vom 11. Juli \u00fcber Dienstleistungen der<br \/>\nInformationsgesellschaft und des elektronischen Gesch\u00e4ftsverkehrs werden hiermit den Benutzern und Besuchern die<br \/>\nrechtlichen Hinweise bez\u00fcglich des Inhabers der Website mit der URL <a href=\"https:\/\/www.google.com\/url?q=http:\/\/www.terrazabalear.com\/&amp;sa=D&amp;ust=1593786053624000&amp;usg=AOvVaw1ocMXIdxL130db8kxMrxNG\">\u00a0www.terrazabalear.com<\/a> zur Kenntnis gebracht.<\/p>\n<p><span class=\"c83\">INHABER DER WEBSITE<\/span><\/p>\n<p>Bezeichnung der Gesellschaft: GRUPO INTERIORES GTH, S.L.<br \/>\nSteueridentnummer (CIF): B-85578672<br \/>\nGesellschaftssitz: Lago Carucedo s\/n, 28947, Fuenlabrada, Madrid, Espa\u00f1a<br \/>\nE-Mail-Adresse: info@terrazabalear.com<br \/>\nTelefon: 971698258<br \/>\nHandelsregister Madrid Band: 26.283 Folio: 89 Sektion: 8 Seite M473622<br \/>\nGesch\u00e4ftst\u00e4tigkeit: Handel mit keramischen Erzeugnissen, Baumaterialien, Sanit\u00e4r- und Haushaltsartikeln sowie M\u00f6beln.<\/p>\n<p><span class=\"c83\">NUTZUNGSBEDINGUNGEN:<\/span><\/p>\n<p>Um auf dieser Website als Besucher zu surfen oder um sich zu registrieren und auf die von www.terrazabalear. com<br \/>\nangebotenen Dienste zuzugreifen, m\u00fcssen Sie Ihre Zustimmung zu den folgenden Dienstleistungs- und<br \/>\nNutzungsbedingungen f\u00fcr erteilen:<\/p>\n<ol class=\"c59 lst-kix_list_3-0 start\" start=\"1\">\n<li class=\"c26\">Der Benutzer erkennt die vorliegenden allgemeinen Nutzungs- und Servicebedingungen der Website <a href=\"https:\/\/www.google.com\/url? q=http:\/\/www.terrazabalear.com\/&amp;sa=D&amp;ust=1593786053625000&amp;usg=AOvVaw0mxCf_znBWb0q4jRJ0W190\">\u00a0www.terrazabalear.com<\/a> an. Wenn der Benutzer diese Bedingungen nicht akzeptiert, darf er die Dienste und Inhalte der Website <a href=\"https:\/\/www.google.com\/url? q=http:\/\/www.terrazabalear.com\/&amp;sa=D&amp;ust=1593786053625000&amp;usg=AOvVaw0mxCf_znBWb0q4jRJ0W190\">\u00a0www.terrazabalear.com<\/a>nicht nutzen.<\/li>\n<li>Die vorliegenden Nutzungsbedingungen regeln den Zugang und die Nutzung der Website <a href=\"https:\/\/www.google.com\/url? q=http:\/\/www.terrazabalear.com\/&amp;sa=D&amp;ust=1593786053625000&amp;usg=AOvVaw0mxCf_znBWb0q4jRJ0W190\">\u00a0www.terrazabalear.com<\/a>. Durch die Nutzung dieser Website werden Sie von dem Moment an, in dem Sie auf die Website zugreifen und sie<br \/>\ndurchsuchen, zu einem Benutzer. Ab dem Zeitpunkt des Zugriffs auf beliebige Inhalte akzeptiert der Benutzer<br \/>\nausdr\u00fccklich die vorliegenden allgemeinen Bedingungen. Der Benutzer akzeptiert die besonderen Bedingungen, die f\u00fcr<br \/>\ndie verschiedenen, vom Unternehmen auf der von ihm besuchten Website angebotenen Dienste gelten.<\/li>\n<li>Die Website <a href=\"https:\/\/www.google.com\/url? q=http:\/\/www.terrazabalear.com\/&amp;sa=D&amp;ust=1593786053625000&amp;usg=AOvVaw0mxCf_znBWb0q4jRJ0W190\">\u00a0www.terrazabalear.com<\/a> erm\u00f6glicht den Benutzern den Zugang zu und die Nutzung von<br \/>\nverschiedenen Informationen und Dienstleistungen.<\/li>\n<li>Der Benutzer muss vollj\u00e4hrig sein, um die Dienste der Website www.terrazabalear.com nutzen zu k\u00f6nnen.<br \/>\nMinderj\u00e4hrige unter 18 Jahren d\u00fcrfen die Dienste der Website <a href=\"https:\/\/www.google.com\/url? q=http:\/\/www.terrazabalear.com\/&amp;sa=D&amp;ust=1593786053625000&amp;usg=AOvVaw0mxCf_znBWb0q4jRJ0W190\">\u00a0www.terrazabalear.com<\/a> nur unter der Aufsicht eines<br \/>\nElternteils oder Erziehungsberechtigten nutzen.<\/li>\n<li>Der Benutzer verpflichtet sich, die Inhalte und Dienste der Website <a href=\"https:\/\/www.google.com\/url? q=http:\/\/www.terrazabalear.com\/&amp;sa=D&amp;ust=1593786053625000&amp;usg=AOvVaw0mxCf_znBWb0q4jRJ0W190\">\u00a0www.terrazabalear.com<\/a> angemessen zu<br \/>\nnutzen. Diese Nutzung muss in \u00dcbereinstimmung mit dem Gesetz, den guten Sitten, der \u00f6ffentlichen Ordnung und den<br \/>\nBestimmungen dieser allgemeinen Bedingungen erfolgen.<\/li>\n<li>Die Bereitstellung von Diensten und der Zugang zu Informationen auf der Website erfordern im Allgemeinen<br \/>\nkeine vorherige Anmeldung oder Registrierung durch den Benutzer. Allerdings macht GRUPO INTERIORES GTH, S.L. die Nutzung<br \/>\neiniger der auf der Website angebotenen Dienste davon abh\u00e4ngig, dass der Benutzer zuvor das entsprechende<br \/>\nFormular zur Registrierung oder Erfassung pers\u00f6nlicher Daten ausf\u00fcllt. Die vorgenannte Registrierung erfolgt auf die Artund Weise, die in dem Dienst selbst oder in den besonderen Bedingungen, die diesen gegebenenfalls regeln,<br \/>\nausdr\u00fccklich angegeben ist.<\/li>\n<li>Der Benutzer verpflichtet sich, keine Handlungen vorzunehmen, die den Inhalt, die Dienste und\/oder die<br \/>\nnormale Nutzung der Website<a href=\"https:\/\/www.google.com\/url? q=http:\/\/www.terrazabalear.com\/&amp;sa=D&amp;ust=1593786053625000&amp;usg=AOvVaw0mxCf_znBWb0q4jRJ0W190\">\u00a0www.terrazabalear.com<\/a> durch andere Benutzer besch\u00e4digen, unbrauchbar machen,<br \/>\nunzug\u00e4nglich machen oder verschlechtern k\u00f6nnen. Der Benutzer verpflichtet sich insbesondere und beispielhaft, aber<br \/>\nnicht ausschlie\u00dflich:keine Handlungen vorzunehmen, die personenbezogene Daten, Programme oder elektronische Dokumente auf der<br \/>\nWebsite beeintr\u00e4chtigen, zerst\u00f6ren, ver\u00e4ndern, unbrauchbar machen oder besch\u00e4digen k\u00f6nnen.<\/p>\n<p>keine Computerprogramme, Daten, Viren oder Codes einzuf\u00fchren, zu speichern oder zu verbreiten, die der Website,<br \/>\neinem der Dienste oder einem der Ger\u00e4te, Systeme oder Netzwerke des Unternehmens, eines anderen Benutzers<br \/>\nund\/oder eines Lieferanten des Unternehmens Schaden zuf\u00fcgen k\u00f6nnen.<\/li>\n<\/ol>\n<p>\u00c4NDERUNGEN<\/p>\n<p>Das Unternehmen beh\u00e4lt sich das Recht vor, diese Bedingungen jederzeit einseitig aufgrund neuer wirtschaftlicher<br \/>\nund\/oder kommerzieller Umst\u00e4nde, die eine \u00c4nderung ratsam erscheinen lassen, zu \u00e4ndern oder wenn sich diese<br \/>\ninfolge einer Modifikation, Weiterentwicklung und Verk\u00fcndung von Gesetzen, Vorschriften und Anwendungsregeln,<br \/>\nwelche sich auf die Bereitstellung der Dienstleistung und\/oder damit verbundene Aspekte auswirken, ergeben. In<br \/>\ndiesen F\u00e4llen wird die \u00c4nderung so fr\u00fch wie m\u00f6glich ver\u00f6ffentlicht und mitgeteilt. Das Unternehmen beh\u00e4lt sich<br \/>\nebenfalls das Recht vor, die Darstellung und Konfiguration der Website jederzeit einseitig zu \u00e4ndern.<\/p>\n<p>LINKS ZU DRITTANBIETERN<\/p>\n<p>Dieser rechtliche Hinweis bezieht sich nur auf die Website und gilt nicht f\u00fcr Links oder Websites Dritter, die \u00fcber die<br \/>\nWebsite zug\u00e4nglich sind. Das Unternehmen ist weder f\u00fcr den Inhalt einer der Ziel-Websites eines Links noch f\u00fcr einen<br \/>\nLink verantwortlich, der auf einer Website enthalten ist, die von der Website des Unternehmens aus erreicht wird.<\/p>\n<p>GEISTIGES UND GEWERBLICHES EIGENTUM<\/p>\n<p>Der gesamte Inhalt der Website ist ausschlie\u00dfliches Eigentum des Unternehmens, einschlie\u00dflich, aber nicht beschr\u00e4nkt<br \/>\nauf das grafische Design, den Quellcode, Logos, Texte, Grafiken, Illustrationen, Fotos und andere Elemente, die auf der<br \/>\nWebsite erscheinen. Ebenso sind die auf der Website enthaltenen Handelsnamen, Marken oder Kennzeichen jeglicher<br \/>\nArt durch das Recht des geistigen und gewerblichen Eigentums gesch\u00fctzt. Das Unternehmen hat das ausschlie\u00dfliche<br \/>\nRecht, das oben genannte geistige Eigentum in jeder Form zu verwerten, insbesondere das Recht auf Vervielf\u00e4ltigung,<br \/>\nVerbreitung und \u00f6ffentliche Wiedergabe.<\/p>\n<p>Dem Benutzer ist es untersagt, die Inhalte der Website, die das geistige oder gewerbliche Eigentum des<br \/>\nUnternehmens an der Website und\/oder ihren Inhalten darstellen, ganz oder teilweise ohne Zustimmung zu nutzen.<\/p>\n<p>Das Unternehmen beh\u00e4lt sich das Recht vor, rechtliche Schritte jeglicher Art gegen jeden Benutzer zu unternehmen, der<br \/>\nHandlungen unternimmt, die eine Vervielf\u00e4ltigung, Verbreitung, Vermarktung, Umwandlung und im Allgemeinen jede<br \/>\nandere Form der gewerblichen Nutzung der Inhalte der Website, ganz oder teilweise, durch beliebige Verfahren<br \/>\ndarstellen, die gegen seine geistigen und\/oder gewerblichen Eigentumsrechte versto\u00dfen.<\/p>\n<p>MITTEILUNGEN<\/p>\n<p>Im Sinne dieser Allgemeinen Bedingungen ist f\u00fcr alle Mitteilungen, die zwischen dem Unternehmen und dem Benutzer<br \/>\nerforderlich werden, die E-Mail-Adresse <a href=\"mailto:info@terrazabalear.com.\">info@terrazabalear.com<\/a>Im Sinne dieser Allgemeinen Bedingungen ist f\u00fcr alle Mitteilungen, die zwischen dem Unternehmen und dem Benutzer<br \/>\nerforderlich werden, die E-Mail-Adresse <a href=\"https:\/\/www.google.com\/url? q=http:\/\/www.terrazabalear.com\/&amp;sa=D&amp;ust=1593786053625000&amp;usg=AOvVaw0mxCf_znBWb0q4jRJ0W190\">\u00a0www.terrazabalear.com<\/a> angegeben hat. Der Benutzer akzeptiert ausdr\u00fccklich f\u00fcr alle<br \/>\nMitteilungen im Zusammenhang mit der Nutzung der Website und\/oder der Inanspruchnahme der dort angebotenen<br \/>\nDienstleistungen die Verwendung von E-Mail als g\u00fcltiges Verfahren f\u00fcr den Versand solcher Mitteilungen.<\/p>\n<p>GELTENDE GESETZGEBUNG<\/p>\n<p>Die Beziehungen zwischen dem Eigent\u00fcmer der Website und dem Nutzer unterliegen den geltenden spanischen<br \/>\nRechtsvorschriften, wobei die Beilegung etwaiger Streitigkeiten den zust\u00e4ndigen Gerichten unterliegt. Handelt es sich<br \/>\nbei dem Nutzer um einen Verbraucher, so sind die entsprechenden Gerichte gem\u00e4\u00df dem geltenden Verbraucherrecht<br \/>\nzust\u00e4ndig.<\/p>\n","protected":false},"excerpt":{"rendered":"<p>Gem\u00e4\u00df den Bestimmungen der Artikel 10 und 11 im Gesetz 34\/2002 vom 11. Juli \u00fcber Dienstleistungen der Informationsgesellschaft und des elektronischen Gesch\u00e4ftsverkehrs werden hiermit den Benutzern und Besuchern die rechtlichen Hinweise bez\u00fcglich des Inhabers der Website mit der URL \u00a0www.terrazabalear.com zur Kenntnis gebracht. INHABER DER WEBSITE Bezeichnung der Gesellschaft: GRUPO INTERIORES GTH, S.L. Steueridentnummer (CIF): [&hellip;]<\/p>\n","protected":false},"author":1,"featured_media":0,"parent":0,"menu_order":0,"comment_status":"closed","ping_status":"closed","template":"","meta":{"_acf_changed":false,"footnotes":""},"class_list":["post-6205","page","type-page","status-publish","hentry"],"acf":[],"_links":{"self":[{"href":"https:\/\/terrazabalear.com\/de\/wp-json\/wp\/v2\/pages\/6205","targetHints":{"allow":["GET"]}}],"collection":[{"href":"https:\/\/terrazabalear.com\/de\/wp-json\/wp\/v2\/pages"}],"about":[{"href":"https:\/\/terrazabalear.com\/de\/wp-json\/wp\/v2\/types\/page"}],"author":[{"embeddable":true,"href":"https:\/\/terrazabalear.com\/de\/wp-json\/wp\/v2\/users\/1"}],"replies":[{"embeddable":true,"href":"https:\/\/terrazabalear.com\/de\/wp-json\/wp\/v2\/comments?post=6205"}],"version-history":[{"count":2,"href":"https:\/\/terrazabalear.com\/de\/wp-json\/wp\/v2\/pages\/6205\/revisions"}],"predecessor-version":[{"id":13366,"href":"https:\/\/terrazabalear.com\/de\/wp-json\/wp\/v2\/pages\/6205\/revisions\/13366"}],"wp:attachment":[{"href":"https:\/\/terrazabalear.com\/de\/wp-json\/wp\/v2\/media?parent=6205"}],"curies":[{"name":"wp","href":"https:\/\/api.w.org\/{rel}","templated":true}]}}